{"id":650,"date":"2024-09-18T12:16:37","date_gmt":"2024-09-18T10:16:37","guid":{"rendered":"https:\/\/bravo.sixtema.dev\/?page_id=650"},"modified":"2024-09-20T13:58:48","modified_gmt":"2024-09-20T11:58:48","slug":"loteria-instantanea","status":"publish","type":"page","link":"https:\/\/bravo.sixtema.dev\/pt-br\/loteria-instantanea\/","title":{"rendered":"Loteria instant\u00e2nea"},"content":{"rendered":"<p>Bravo Games, com a certifica\u00e7\u00e3o GLI14 para operar jogos de Loteria Instant\u00e2nea no Brasil, desenvolveu sua nova gama de jogos com o respaldo de mais de 20 anos de experi\u00eancia e seu papel como consultora l\u00edder no mercado.<\/p><p><\/p>","protected":false},"excerpt":{"rendered":"<p>Bravo Games, com a certifica\u00e7\u00e3o GLI14 para operar jogos de Loteria Instant\u00e2nea no Brasil, desenvolveu sua nova gama de jogos com o respaldo de mais de 20 anos de experi\u00eancia e seu papel como consultora l\u00edder no mercado. [&#8230;]<\/p>\n<p><a class=\"btn btn-secondary understrap-read-more-link\" href=\"https:\/\/bravo.sixtema.dev\/pt-br\/loteria-instantanea\/\">Leia mais&#8230;<span class=\"screen-reader-text\"> from Loteria instant\u00e2nea<\/span><\/a><\/p>\n","protected":false},"author":1,"featured_media":0,"parent":0,"menu_order":0,"comment_status":"closed","ping_status":"closed","template":"page-templates\/loteria-page.php","meta":{"footnotes":""},"class_list":["post-650","page","type-page","status-publish","hentry"],"acf":[],"yoast_head":"<!-- This site is optimized with the Yoast SEO plugin v23.4 - https:\/\/yoast.com\/wordpress\/plugins\/seo\/ -->\n<title>Loteria instant\u00e2nea | Bravo Games Studios<\/title>\n<meta name=\"robots\" content=\"noindex, follow, max-snippet:-1, max-image-preview:large, max-video-preview:-1\" \/>\n<meta property=\"og:locale\" content=\"pt_BR\" \/>\n<meta property=\"og:type\" content=\"article\" \/>\n<meta property=\"og:title\" content=\"Loteria instant\u00e2nea | Bravo Games Studios\" \/>\n<meta property=\"og:description\" content=\"Bravo Games, com a certifica\u00e7\u00e3o GLI14 para operar jogos de Loteria Instant\u00e2nea no Brasil, desenvolveu sua nova gama de jogos com o respaldo de mais de 20 anos de experi\u00eancia e seu papel como consultora l\u00edder no mercado. [...]Leia mais... from Loteria instant\u00e2nea\" \/>\n<meta property=\"og:url\" content=\"https:\/\/bravo.sixtema.dev\/pt-br\/loteria-instantanea\/\" \/>\n<meta property=\"og:site_name\" content=\"Bravo Games Studios\" \/>\n<meta property=\"article:modified_time\" content=\"2024-09-20T11:58:48+00:00\" \/>\n<meta name=\"twitter:card\" content=\"summary_large_image\" \/>\n<meta name=\"twitter:label1\" content=\"Est. tempo de leitura\" \/>\n\t<meta name=\"twitter:data1\" content=\"1 minuto\" \/>\n<script type=\"application\/ld+json\" class=\"yoast-schema-graph\">{\"@context\":\"https:\/\/schema.org\",\"@graph\":[{\"@type\":\"WebPage\",\"@id\":\"https:\/\/bravo.sixtema.dev\/pt-br\/loteria-instantanea\/\",\"url\":\"https:\/\/bravo.sixtema.dev\/pt-br\/loteria-instantanea\/\",\"name\":\"Loteria instant\u00e2nea | Bravo Games Studios\",\"isPartOf\":{\"@id\":\"https:\/\/bravo.sixtema.dev\/pt-br\/#website\"},\"datePublished\":\"2024-09-18T10:16:37+00:00\",\"dateModified\":\"2024-09-20T11:58:48+00:00\",\"breadcrumb\":{\"@id\":\"https:\/\/bravo.sixtema.dev\/pt-br\/loteria-instantanea\/#breadcrumb\"},\"inLanguage\":\"pt-BR\",\"potentialAction\":[{\"@type\":\"ReadAction\",\"target\":[\"https:\/\/bravo.sixtema.dev\/pt-br\/loteria-instantanea\/\"]}]},{\"@type\":\"BreadcrumbList\",\"@id\":\"https:\/\/bravo.sixtema.dev\/pt-br\/loteria-instantanea\/#breadcrumb\",\"itemListElement\":[{\"@type\":\"ListItem\",\"position\":1,\"name\":\"Portada\",\"item\":\"https:\/\/bravo.sixtema.dev\/pt-br\/\"},{\"@type\":\"ListItem\",\"position\":2,\"name\":\"Loteria instant\u00e2nea\"}]},{\"@type\":\"WebSite\",\"@id\":\"https:\/\/bravo.sixtema.dev\/pt-br\/#website\",\"url\":\"https:\/\/bravo.sixtema.dev\/pt-br\/\",\"name\":\"Bravo Games Studios\",\"description\":\"Bravo Games Studios Informaci\u00f3n\",\"publisher\":{\"@id\":\"https:\/\/bravo.sixtema.dev\/pt-br\/#organization\"},\"potentialAction\":[{\"@type\":\"SearchAction\",\"target\":{\"@type\":\"EntryPoint\",\"urlTemplate\":\"https:\/\/bravo.sixtema.dev\/pt-br\/?s={search_term_string}\"},\"query-input\":{\"@type\":\"PropertyValueSpecification\",\"valueRequired\":true,\"valueName\":\"search_term_string\"}}],\"inLanguage\":\"pt-BR\"},{\"@type\":\"Organization\",\"@id\":\"https:\/\/bravo.sixtema.dev\/pt-br\/#organization\",\"name\":\"Bravo Games Studios\",\"url\":\"https:\/\/bravo.sixtema.dev\/pt-br\/\",\"logo\":{\"@type\":\"ImageObject\",\"inLanguage\":\"pt-BR\",\"@id\":\"https:\/\/bravo.sixtema.dev\/pt-br\/#\/schema\/logo\/image\/\",\"url\":\"https:\/\/bravo.sixtema.dev\/wp-content\/uploads\/2024\/08\/Logo_Bravo_Blanco.svg\",\"contentUrl\":\"https:\/\/bravo.sixtema.dev\/wp-content\/uploads\/2024\/08\/Logo_Bravo_Blanco.svg\",\"caption\":\"Bravo Games Studios\"},\"image\":{\"@id\":\"https:\/\/bravo.sixtema.dev\/pt-br\/#\/schema\/logo\/image\/\"}}]}<\/script>\n<!-- \/ Yoast SEO plugin. -->","yoast_head_json":{"title":"Loteria instant\u00e2nea | Bravo Games Studios","robots":{"index":"noindex","follow":"follow","max-snippet":"max-snippet:-1","max-image-preview":"max-image-preview:large","max-video-preview":"max-video-preview:-1"},"og_locale":"pt_BR","og_type":"article","og_title":"Loteria instant\u00e2nea | Bravo Games Studios","og_description":"Bravo Games, com a certifica\u00e7\u00e3o GLI14 para operar jogos de Loteria Instant\u00e2nea no Brasil, desenvolveu sua nova gama de jogos com o respaldo de mais de 20 anos de experi\u00eancia e seu papel como consultora l\u00edder no mercado. [...]Leia mais... from Loteria instant\u00e2nea","og_url":"https:\/\/bravo.sixtema.dev\/pt-br\/loteria-instantanea\/","og_site_name":"Bravo Games Studios","article_modified_time":"2024-09-20T11:58:48+00:00","twitter_card":"summary_large_image","twitter_misc":{"Est. tempo de leitura":"1 minuto"},"schema":{"@context":"https:\/\/schema.org","@graph":[{"@type":"WebPage","@id":"https:\/\/bravo.sixtema.dev\/pt-br\/loteria-instantanea\/","url":"https:\/\/bravo.sixtema.dev\/pt-br\/loteria-instantanea\/","name":"Loteria instant\u00e2nea | Bravo Games Studios","isPartOf":{"@id":"https:\/\/bravo.sixtema.dev\/pt-br\/#website"},"datePublished":"2024-09-18T10:16:37+00:00","dateModified":"2024-09-20T11:58:48+00:00","breadcrumb":{"@id":"https:\/\/bravo.sixtema.dev\/pt-br\/loteria-instantanea\/#breadcrumb"},"inLanguage":"pt-BR","potentialAction":[{"@type":"ReadAction","target":["https:\/\/bravo.sixtema.dev\/pt-br\/loteria-instantanea\/"]}]},{"@type":"BreadcrumbList","@id":"https:\/\/bravo.sixtema.dev\/pt-br\/loteria-instantanea\/#breadcrumb","itemListElement":[{"@type":"ListItem","position":1,"name":"Portada","item":"https:\/\/bravo.sixtema.dev\/pt-br\/"},{"@type":"ListItem","position":2,"name":"Loteria instant\u00e2nea"}]},{"@type":"WebSite","@id":"https:\/\/bravo.sixtema.dev\/pt-br\/#website","url":"https:\/\/bravo.sixtema.dev\/pt-br\/","name":"Bravo Games Studios","description":"Bravo Games Studios Informaci\u00f3n","publisher":{"@id":"https:\/\/bravo.sixtema.dev\/pt-br\/#organization"},"potentialAction":[{"@type":"SearchAction","target":{"@type":"EntryPoint","urlTemplate":"https:\/\/bravo.sixtema.dev\/pt-br\/?s={search_term_string}"},"query-input":{"@type":"PropertyValueSpecification","valueRequired":true,"valueName":"search_term_string"}}],"inLanguage":"pt-BR"},{"@type":"Organization","@id":"https:\/\/bravo.sixtema.dev\/pt-br\/#organization","name":"Bravo Games Studios","url":"https:\/\/bravo.sixtema.dev\/pt-br\/","logo":{"@type":"ImageObject","inLanguage":"pt-BR","@id":"https:\/\/bravo.sixtema.dev\/pt-br\/#\/schema\/logo\/image\/","url":"https:\/\/bravo.sixtema.dev\/wp-content\/uploads\/2024\/08\/Logo_Bravo_Blanco.svg","contentUrl":"https:\/\/bravo.sixtema.dev\/wp-content\/uploads\/2024\/08\/Logo_Bravo_Blanco.svg","caption":"Bravo Games Studios"},"image":{"@id":"https:\/\/bravo.sixtema.dev\/pt-br\/#\/schema\/logo\/image\/"}}]}},"_links":{"self":[{"href":"https:\/\/bravo.sixtema.dev\/pt-br\/wp-json\/wp\/v2\/pages\/650"}],"collection":[{"href":"https:\/\/bravo.sixtema.dev\/pt-br\/wp-json\/wp\/v2\/pages"}],"about":[{"href":"https:\/\/bravo.sixtema.dev\/pt-br\/wp-json\/wp\/v2\/types\/page"}],"author":[{"embeddable":true,"href":"https:\/\/bravo.sixtema.dev\/pt-br\/wp-json\/wp\/v2\/users\/1"}],"replies":[{"embeddable":true,"href":"https:\/\/bravo.sixtema.dev\/pt-br\/wp-json\/wp\/v2\/comments?post=650"}],"version-history":[{"count":8,"href":"https:\/\/bravo.sixtema.dev\/pt-br\/wp-json\/wp\/v2\/pages\/650\/revisions"}],"predecessor-version":[{"id":717,"href":"https:\/\/bravo.sixtema.dev\/pt-br\/wp-json\/wp\/v2\/pages\/650\/revisions\/717"}],"wp:attachment":[{"href":"https:\/\/bravo.sixtema.dev\/pt-br\/wp-json\/wp\/v2\/media?parent=650"}],"curies":[{"name":"wp","href":"https:\/\/api.w.org\/{rel}","templated":true}]}}