{"id":343,"date":"2024-02-02T13:25:00","date_gmt":"2024-02-02T12:25:00","guid":{"rendered":"https:\/\/bravo.sixtema.dev\/?page_id=343"},"modified":"2024-08-30T09:03:35","modified_gmt":"2024-08-30T07:03:35","slug":"politica-de-privacidade","status":"publish","type":"page","link":"https:\/\/bravo.sixtema.dev\/pt-br\/politica-de-privacidade\/","title":{"rendered":"Pol\u00edtica de Privacidade"},"content":{"rendered":"<h2 class=\"wp-block-heading\">1. Introdu\u00e7\u00e3o<\/h2><p>A Bravo Games se compromete a proteger a privacidade e a seguran\u00e7a dos dados pessoais que coletamos sobre voc\u00ea. Esta pol\u00edtica de privacidade explica como coletamos, usamos, armazenamos, compartilhamos e protegemos suas informa\u00e7\u00f5es pessoais em conformidade com o Regulamento Geral de Prote\u00e7\u00e3o de Dados (RGPD) da Uni\u00e3o Europeia e a legisla\u00e7\u00e3o irlandesa aplic\u00e1vel.<\/p><h2 class=\"wp-block-heading\">2. Informa\u00e7\u00f5es que Podemos Coletar<\/h2><p>Coletamos v\u00e1rios tipos de informa\u00e7\u00f5es pessoais, incluindo:<br>Dados de Identifica\u00e7\u00e3o: Qualquer informa\u00e7\u00e3o sobre um indiv\u00edduo a partir da qual essa pessoa possa ser identificada. Nome, endere\u00e7o, n\u00famero de telefone, endere\u00e7o de e-mail, etc.<br>Dados T\u00e9cnicos: Endere\u00e7o IP, tipo de navegador, localiza\u00e7\u00e3o geogr\u00e1fica, dados de uso do site.<br>Podemos coletar e processar qualquer tipo de dado pessoal que voc\u00ea nos forne\u00e7a durante suas intera\u00e7\u00f5es conosco.<br>Informaremos a voc\u00ea quando solicitarmos dados pessoais que sejam um requisito contratual ou necess\u00e1rios para desempenhar nossas fun\u00e7\u00f5es ou cumprir com nossas obriga\u00e7\u00f5es legais.<\/p><h2 class=\"wp-block-heading\">3. Como Coletamos suas Informa\u00e7\u00f5es<\/h2><p>Podemos coletar suas informa\u00e7\u00f5es das seguintes maneiras:<br>Diretamente de voc\u00ea: Ao preencher o formul\u00e1rio para nos enviar suas solicita\u00e7\u00f5es.<br>Automaticamente: Atrav\u00e9s de cookies e tecnologias similares quando voc\u00ea visita nosso site.<\/p><h2 class=\"wp-block-heading\">4. Uso das Informa\u00e7\u00f5es Pessoais que Coletamos<\/h2><p>Utilizamos suas informa\u00e7\u00f5es pessoais para:<br>Responder \u00e0s consultas que voc\u00ea enviar atrav\u00e9s dos nossos formul\u00e1rios no site<br>Melhorar nossos produtos, servi\u00e7os e site<br>Cumprir com nossas obriga\u00e7\u00f5es legais e regulamentares<\/p><h2 class=\"wp-block-heading\">5. Base Legal para o Processamento de Dados<\/h2><p>Processamos suas informa\u00e7\u00f5es pessoais com base em:<br>A execu\u00e7\u00e3o de um contrato quando fornecemos produtos ou servi\u00e7os a voc\u00ea<br>O cumprimento de obriga\u00e7\u00f5es legais<br>Nossos interesses leg\u00edtimos, como melhorar nossos produtos e servi\u00e7os<\/p><h2 class=\"wp-block-heading\">6. Divulga\u00e7\u00e3o de suas Informa\u00e7\u00f5es Pessoais<\/h2><p>Podemos divulgar seus dados pessoais em caso de futuras fus\u00f5es\/dissolu\u00e7\u00f5es da Bravo Games e\/ou outras ag\u00eancias estatais relacionadas, caso em que podemos divulgar seus dados pessoais \u00e0 entidade sucessora aplic\u00e1vel da Bravo Games.<br>Ou, se formos obrigados a divulgar ou compartilhar seus dados pessoais para cumprir qualquer obriga\u00e7\u00e3o legal, ou quando for necess\u00e1rio para nossos interesses comerciais leg\u00edtimos proteger os direitos, a propriedade ou a seguran\u00e7a da Bravo Games, de nossas empresas clientes ou de outros, ou para fins de prote\u00e7\u00e3o contra fraude e redu\u00e7\u00e3o de risco de cr\u00e9dito. Tal divulga\u00e7\u00e3o pode, conforme apropriado, incluir o compartilhamento de informa\u00e7\u00f5es com outras organiza\u00e7\u00f5es, empresas, auditores, Departamentos Governamentais, Institutos de Tecnologia, recrutadores, Ag\u00eancias Semiestatais, universidades e \u00f3rg\u00e3os p\u00fablicos, onde qualquer um desses \u00f3rg\u00e3os preste um servi\u00e7o \u00e0 Bravo Games e estejamos satisfeitos de que cumpre os requisitos do RGPD.<\/p><h2 class=\"wp-block-heading\">7. Transfer\u00eancias Internacionais de Dados<\/h2><p>Os dados pessoais que coletamos podem ser transferidos e armazenados em um destino fora do Espa\u00e7o Econ\u00f4mico Europeu (&#8220;EEE&#8221;) para os fins descritos acima. Devido \u00e0 natureza global do nosso neg\u00f3cio, certos dados pessoais podem ser divulgados a membros da equipe da Bravo Games que trabalham fora do EEE: para ver uma lista de escrit\u00f3rios no exterior da Bravo Games, clique [aqui].<br>Na medida limitada em que seja necess\u00e1rio transferir seus dados pessoais para fora do EEE, garantiremos que existam salvaguardas adequadas para proteger a privacidade e a integridade de tais dados pessoais, incluindo cl\u00e1usulas contratuais padr\u00e3o de acordo com o Artigo 46.2 ou decis\u00f5es de adequa\u00e7\u00e3o de acordo com o Artigo 45.<\/p><h2 class=\"wp-block-heading\">8. Seguran\u00e7a da Informa\u00e7\u00e3o<\/h2><p>Tomaremos todas as medidas razoavelmente necess\u00e1rias para garantir que seus dados sejam tratados de forma segura e de acordo com este Aviso de Prote\u00e7\u00e3o de Dados. Implementamos medidas de seguran\u00e7a t\u00e9cnicas e organizacionais para proteger suas informa\u00e7\u00f5es pessoais contra acesso n\u00e3o autorizado, perda, destrui\u00e7\u00e3o ou dano. Para obter mais informa\u00e7\u00f5es sobre nossas pol\u00edticas de prote\u00e7\u00e3o de dados, procedimentos e medidas de seguran\u00e7a organizacionais e t\u00e9cnicas, entre em contato conosco (ver Contato abaixo).<\/p><h2 class=\"wp-block-heading\">9. Reten\u00e7\u00e3o de Dados<\/h2><p>Armazenaremos seus dados pessoais apenas pelo tempo necess\u00e1rio para a finalidade para a qual foram obtidos. Os crit\u00e9rios utilizados para determinar nossos per\u00edodos de reten\u00e7\u00e3o incluem:<br>(i) a dura\u00e7\u00e3o de nosso relacionamento cont\u00ednuo e\/ou a presta\u00e7\u00e3o de nossos servi\u00e7os;<br>(ii) se existe um requisito legal ao qual estamos sujeitos; e<br>(iii) se a reten\u00e7\u00e3o \u00e9 aconselh\u00e1vel \u00e0 luz de nossa posi\u00e7\u00e3o legal (como em rela\u00e7\u00e3o aos prazos de prescri\u00e7\u00e3o aplic\u00e1veis, lit\u00edgios ou investiga\u00e7\u00f5es regulat\u00f3rias).<\/p><h2 class=\"wp-block-heading\">10. Seus Direitos<\/h2><p>Voc\u00ea tem o direito de:<br>Acessar suas informa\u00e7\u00f5es pessoais.<br>Solicitar uma c\u00f3pia dos dados pessoais que temos sobre voc\u00ea<br>Retificar qualquer dado impreciso.<br>Solicitar a exclus\u00e3o de suas informa\u00e7\u00f5es pessoais.<br>Restringir ou se opor ao processamento de suas informa\u00e7\u00f5es.<br>Solicitar a portabilidade dos seus dados.<br>Voc\u00ea tem o direito de se opor ao uso de seus dados pessoais em determinadas circunst\u00e2ncias.<br>Retirar seu consentimento a qualquer momento, quando o processamento for baseado em seu consentimento.<br>Para exercer esses direitos, entre em contato conosco em [e-mail ou endere\u00e7o de contato].<\/p><h2 class=\"wp-block-heading\">11. Altera\u00e7\u00f5es a esta Pol\u00edtica de Privacidade<\/h2><p>Reservamo-nos o direito de modificar este Aviso de Prote\u00e7\u00e3o de Dados a qualquer momento a nosso exclusivo crit\u00e9rio. Quaisquer altera\u00e7\u00f5es que fizermos a este Aviso de Prote\u00e7\u00e3o de Dados no futuro ser\u00e3o publicadas em nosso site e, quando apropriado, notificadas a voc\u00ea por e-mail. Consulte o site com frequ\u00eancia para ver as atualiza\u00e7\u00f5es ou altera\u00e7\u00f5es a este Aviso de Prote\u00e7\u00e3o de Dados.<\/p><h2 class=\"wp-block-heading\">12. Contato<\/h2><p>Se voc\u00ea tiver alguma d\u00favida ou preocupa\u00e7\u00e3o sobre esta pol\u00edtica de privacidade, ou se desejar exercer qualquer um de seus direitos, entre em contato conosco em:<br>[Nome da Empresa]<br>Endere\u00e7o: [Endere\u00e7o da Empresa]<br>E-mail: [E-mail de Contato]<br>Telefone: [N\u00famero de Contato]<\/p><p>Voc\u00ea tem o direito de apresentar uma reclama\u00e7\u00e3o a qualquer momento ao Escrit\u00f3rio do Comiss\u00e1rio de Prote\u00e7\u00e3o de Dados (DPC), a autoridade supervisora de prote\u00e7\u00e3o de dados da Irlanda (www.dataprotection.ie). Gostar\u00edamos de ter a oportunidade de abordar suas preocupa\u00e7\u00f5es antes que voc\u00ea entre em contato com o DPC, portanto, agradecemos se entrar em contato conosco primeiro.<\/p>","protected":false},"excerpt":{"rendered":"<p>1. Introdu\u00e7\u00e3o A Bravo Games se compromete a proteger a privacidade e a seguran\u00e7a dos dados pessoais que coletamos sobre voc\u00ea. Esta pol\u00edtica de privacidade explica como coletamos, usamos, armazenamos, compartilhamos e protegemos suas informa\u00e7\u00f5es pessoais em conformidade com o Regulamento Geral de Prote\u00e7\u00e3o de Dados (RGPD) da Uni\u00e3o Europeia e a legisla\u00e7\u00e3o irlandesa aplic\u00e1vel. [&#8230;]<\/p>\n<p><a class=\"btn btn-secondary understrap-read-more-link\" href=\"https:\/\/bravo.sixtema.dev\/pt-br\/politica-de-privacidade\/\">Leia mais&#8230;<span class=\"screen-reader-text\"> from Pol\u00edtica de Privacidade<\/span><\/a><\/p>\n","protected":false},"author":1,"featured_media":0,"parent":0,"menu_order":0,"comment_status":"closed","ping_status":"open","template":"","meta":{"footnotes":""},"class_list":["post-343","page","type-page","status-publish","hentry"],"acf":[],"yoast_head":"<!-- This site is optimized with the Yoast SEO plugin v23.4 - https:\/\/yoast.com\/wordpress\/plugins\/seo\/ -->\n<title>Pol\u00edtica de Privacidade | Bravo Games Studios<\/title>\n<meta name=\"robots\" content=\"noindex, follow\" \/>\n<meta property=\"og:locale\" content=\"pt_BR\" \/>\n<meta property=\"og:type\" content=\"article\" \/>\n<meta property=\"og:title\" content=\"Pol\u00edtica de Privacidade | Bravo Games Studios\" \/>\n<meta property=\"og:description\" content=\"1. Introdu\u00e7\u00e3o A Bravo Games se compromete a proteger a privacidade e a seguran\u00e7a dos dados pessoais que coletamos sobre voc\u00ea. Esta pol\u00edtica de privacidade explica como coletamos, usamos, armazenamos, compartilhamos e protegemos suas informa\u00e7\u00f5es pessoais em conformidade com o Regulamento Geral de Prote\u00e7\u00e3o de Dados (RGPD) da Uni\u00e3o Europeia e a legisla\u00e7\u00e3o irlandesa aplic\u00e1vel. [...]Leia mais... from Pol\u00edtica de Privacidade\" \/>\n<meta property=\"og:url\" content=\"https:\/\/bravo.sixtema.dev\/pt-br\/politica-de-privacidade\/\" \/>\n<meta property=\"og:site_name\" content=\"Bravo Games Studios\" \/>\n<meta property=\"article:modified_time\" content=\"2024-08-30T07:03:35+00:00\" \/>\n<meta name=\"twitter:card\" content=\"summary_large_image\" \/>\n<meta name=\"twitter:label1\" content=\"Est. tempo de leitura\" \/>\n\t<meta name=\"twitter:data1\" content=\"5 minutos\" \/>\n<script type=\"application\/ld+json\" class=\"yoast-schema-graph\">{\"@context\":\"https:\/\/schema.org\",\"@graph\":[{\"@type\":\"WebPage\",\"@id\":\"https:\/\/bravo.sixtema.dev\/pt-br\/politica-de-privacidade\/\",\"url\":\"https:\/\/bravo.sixtema.dev\/pt-br\/politica-de-privacidade\/\",\"name\":\"Pol\u00edtica de Privacidade | Bravo Games Studios\",\"isPartOf\":{\"@id\":\"https:\/\/bravo.sixtema.dev\/pt-br\/#website\"},\"datePublished\":\"2024-02-02T12:25:00+00:00\",\"dateModified\":\"2024-08-30T07:03:35+00:00\",\"breadcrumb\":{\"@id\":\"https:\/\/bravo.sixtema.dev\/pt-br\/politica-de-privacidade\/#breadcrumb\"},\"inLanguage\":\"pt-BR\",\"potentialAction\":[{\"@type\":\"ReadAction\",\"target\":[\"https:\/\/bravo.sixtema.dev\/pt-br\/politica-de-privacidade\/\"]}]},{\"@type\":\"BreadcrumbList\",\"@id\":\"https:\/\/bravo.sixtema.dev\/pt-br\/politica-de-privacidade\/#breadcrumb\",\"itemListElement\":[{\"@type\":\"ListItem\",\"position\":1,\"name\":\"Portada\",\"item\":\"https:\/\/bravo.sixtema.dev\/pt-br\/\"},{\"@type\":\"ListItem\",\"position\":2,\"name\":\"Pol\u00edtica de Privacidade\"}]},{\"@type\":\"WebSite\",\"@id\":\"https:\/\/bravo.sixtema.dev\/pt-br\/#website\",\"url\":\"https:\/\/bravo.sixtema.dev\/pt-br\/\",\"name\":\"Bravo Games Studios\",\"description\":\"Bravo Games Studios Informaci\u00f3n\",\"publisher\":{\"@id\":\"https:\/\/bravo.sixtema.dev\/pt-br\/#organization\"},\"potentialAction\":[{\"@type\":\"SearchAction\",\"target\":{\"@type\":\"EntryPoint\",\"urlTemplate\":\"https:\/\/bravo.sixtema.dev\/pt-br\/?s={search_term_string}\"},\"query-input\":{\"@type\":\"PropertyValueSpecification\",\"valueRequired\":true,\"valueName\":\"search_term_string\"}}],\"inLanguage\":\"pt-BR\"},{\"@type\":\"Organization\",\"@id\":\"https:\/\/bravo.sixtema.dev\/pt-br\/#organization\",\"name\":\"Bravo Games Studios\",\"url\":\"https:\/\/bravo.sixtema.dev\/pt-br\/\",\"logo\":{\"@type\":\"ImageObject\",\"inLanguage\":\"pt-BR\",\"@id\":\"https:\/\/bravo.sixtema.dev\/pt-br\/#\/schema\/logo\/image\/\",\"url\":\"https:\/\/bravo.sixtema.dev\/wp-content\/uploads\/2024\/08\/Logo_Bravo_Blanco.svg\",\"contentUrl\":\"https:\/\/bravo.sixtema.dev\/wp-content\/uploads\/2024\/08\/Logo_Bravo_Blanco.svg\",\"caption\":\"Bravo Games Studios\"},\"image\":{\"@id\":\"https:\/\/bravo.sixtema.dev\/pt-br\/#\/schema\/logo\/image\/\"}}]}<\/script>\n<!-- \/ Yoast SEO plugin. -->","yoast_head_json":{"title":"Pol\u00edtica de Privacidade | Bravo Games Studios","robots":{"index":"noindex","follow":"follow"},"og_locale":"pt_BR","og_type":"article","og_title":"Pol\u00edtica de Privacidade | Bravo Games Studios","og_description":"1. Introdu\u00e7\u00e3o A Bravo Games se compromete a proteger a privacidade e a seguran\u00e7a dos dados pessoais que coletamos sobre voc\u00ea. Esta pol\u00edtica de privacidade explica como coletamos, usamos, armazenamos, compartilhamos e protegemos suas informa\u00e7\u00f5es pessoais em conformidade com o Regulamento Geral de Prote\u00e7\u00e3o de Dados (RGPD) da Uni\u00e3o Europeia e a legisla\u00e7\u00e3o irlandesa aplic\u00e1vel. [...]Leia mais... from Pol\u00edtica de Privacidade","og_url":"https:\/\/bravo.sixtema.dev\/pt-br\/politica-de-privacidade\/","og_site_name":"Bravo Games Studios","article_modified_time":"2024-08-30T07:03:35+00:00","twitter_card":"summary_large_image","twitter_misc":{"Est. tempo de leitura":"5 minutos"},"schema":{"@context":"https:\/\/schema.org","@graph":[{"@type":"WebPage","@id":"https:\/\/bravo.sixtema.dev\/pt-br\/politica-de-privacidade\/","url":"https:\/\/bravo.sixtema.dev\/pt-br\/politica-de-privacidade\/","name":"Pol\u00edtica de Privacidade | Bravo Games Studios","isPartOf":{"@id":"https:\/\/bravo.sixtema.dev\/pt-br\/#website"},"datePublished":"2024-02-02T12:25:00+00:00","dateModified":"2024-08-30T07:03:35+00:00","breadcrumb":{"@id":"https:\/\/bravo.sixtema.dev\/pt-br\/politica-de-privacidade\/#breadcrumb"},"inLanguage":"pt-BR","potentialAction":[{"@type":"ReadAction","target":["https:\/\/bravo.sixtema.dev\/pt-br\/politica-de-privacidade\/"]}]},{"@type":"BreadcrumbList","@id":"https:\/\/bravo.sixtema.dev\/pt-br\/politica-de-privacidade\/#breadcrumb","itemListElement":[{"@type":"ListItem","position":1,"name":"Portada","item":"https:\/\/bravo.sixtema.dev\/pt-br\/"},{"@type":"ListItem","position":2,"name":"Pol\u00edtica de Privacidade"}]},{"@type":"WebSite","@id":"https:\/\/bravo.sixtema.dev\/pt-br\/#website","url":"https:\/\/bravo.sixtema.dev\/pt-br\/","name":"Bravo Games Studios","description":"Bravo Games Studios Informaci\u00f3n","publisher":{"@id":"https:\/\/bravo.sixtema.dev\/pt-br\/#organization"},"potentialAction":[{"@type":"SearchAction","target":{"@type":"EntryPoint","urlTemplate":"https:\/\/bravo.sixtema.dev\/pt-br\/?s={search_term_string}"},"query-input":{"@type":"PropertyValueSpecification","valueRequired":true,"valueName":"search_term_string"}}],"inLanguage":"pt-BR"},{"@type":"Organization","@id":"https:\/\/bravo.sixtema.dev\/pt-br\/#organization","name":"Bravo Games Studios","url":"https:\/\/bravo.sixtema.dev\/pt-br\/","logo":{"@type":"ImageObject","inLanguage":"pt-BR","@id":"https:\/\/bravo.sixtema.dev\/pt-br\/#\/schema\/logo\/image\/","url":"https:\/\/bravo.sixtema.dev\/wp-content\/uploads\/2024\/08\/Logo_Bravo_Blanco.svg","contentUrl":"https:\/\/bravo.sixtema.dev\/wp-content\/uploads\/2024\/08\/Logo_Bravo_Blanco.svg","caption":"Bravo Games Studios"},"image":{"@id":"https:\/\/bravo.sixtema.dev\/pt-br\/#\/schema\/logo\/image\/"}}]}},"_links":{"self":[{"href":"https:\/\/bravo.sixtema.dev\/pt-br\/wp-json\/wp\/v2\/pages\/343"}],"collection":[{"href":"https:\/\/bravo.sixtema.dev\/pt-br\/wp-json\/wp\/v2\/pages"}],"about":[{"href":"https:\/\/bravo.sixtema.dev\/pt-br\/wp-json\/wp\/v2\/types\/page"}],"author":[{"embeddable":true,"href":"https:\/\/bravo.sixtema.dev\/pt-br\/wp-json\/wp\/v2\/users\/1"}],"replies":[{"embeddable":true,"href":"https:\/\/bravo.sixtema.dev\/pt-br\/wp-json\/wp\/v2\/comments?post=343"}],"version-history":[{"count":1,"href":"https:\/\/bravo.sixtema.dev\/pt-br\/wp-json\/wp\/v2\/pages\/343\/revisions"}],"predecessor-version":[{"id":344,"href":"https:\/\/bravo.sixtema.dev\/pt-br\/wp-json\/wp\/v2\/pages\/343\/revisions\/344"}],"wp:attachment":[{"href":"https:\/\/bravo.sixtema.dev\/pt-br\/wp-json\/wp\/v2\/media?parent=343"}],"curies":[{"name":"wp","href":"https:\/\/api.w.org\/{rel}","templated":true}]}}